{"id":11,"date":"2017-07-24T16:36:21","date_gmt":"2017-07-24T16:36:21","guid":{"rendered":"http:\/\/fundacaomariomiguel.eu\/?page_id=11"},"modified":"2025-05-13T11:54:39","modified_gmt":"2025-05-13T11:54:39","slug":"contactos","status":"publish","type":"page","link":"http:\/\/fundacaomariomiguel.eu\/?page_id=11","title":{"rendered":"Contactos"},"content":{"rendered":"<p><strong>FUNDA\u00c7\u00c3O M\u00c1RIO MIGUEL<\/strong><\/p>\n<p><strong>Lar de Idosos do Porto Moniz<\/strong><\/p>\n<p>Caminho do Gorgulho, Lamaceiros<\/p>\n<p>9270-035 Porto Moniz<\/p>\n<p>TEL.: 291 850400<\/p>\n<p>FAX.: 291 850409<\/p>\n<p>Email.: geral@larportomoniz.pt<\/p>\n<table border=\"1\">\n<tbody>\n<tr>\n<td width=\"336\">\n<p style=\"text-align: center;\">Empresa aderente ao Centro de Arbitragem da RAM, Rua Direita, 27, 1\u00ba andar,<\/p>\n<p style=\"text-align: center;\">9050-450 Funchal<\/p>\n<p style=\"text-align: center;\">Com os contactos: 291215070, <a href=\"mailto:centroarbitragem.srias@madeira.gov.pt\">centroarbitragem.srias@madeira.gov.pt<\/a><\/p>\n<p style=\"text-align: center;\">Mais informa\u00e7\u00f5es em Portal do Consumidor: www.consumidor.pt<\/p>\n<\/td>\n<\/tr>\n<\/tbody>\n<\/table>\n","protected":false},"excerpt":{"rendered":"<p>FUNDA\u00c7\u00c3O M\u00c1RIO MIGUEL Lar de Idosos do Porto Moniz Caminho do Gorgulho, Lamaceiros 9270-035 Porto Moniz TEL.: 291 850400 FAX.: 291 850409 Email.: geral@larportomoniz.pt Empresa aderente ao Centro de Arbitragem da RAM, Rua Direita, 27, 1\u00ba andar, 9050-450 Funchal Com os contactos: 291215070, centroarbitragem.srias@madeira.gov.pt Mais informa\u00e7\u00f5es em Portal do Consumidor: www.consumidor.pt<\/p>\n","protected":false},"author":1,"featured_media":0,"parent":0,"menu_order":0,"comment_status":"closed","ping_status":"closed","template":"","meta":{"footnotes":""},"class_list":["post-11","page","type-page","status-publish","hentry"],"_links":{"self":[{"href":"http:\/\/fundacaomariomiguel.eu\/index.php?rest_route=\/wp\/v2\/pages\/11","targetHints":{"allow":["GET"]}}],"collection":[{"href":"http:\/\/fundacaomariomiguel.eu\/index.php?rest_route=\/wp\/v2\/pages"}],"about":[{"href":"http:\/\/fundacaomariomiguel.eu\/index.php?rest_route=\/wp\/v2\/types\/page"}],"author":[{"embeddable":true,"href":"http:\/\/fundacaomariomiguel.eu\/index.php?rest_route=\/wp\/v2\/users\/1"}],"replies":[{"embeddable":true,"href":"http:\/\/fundacaomariomiguel.eu\/index.php?rest_route=%2Fwp%2Fv2%2Fcomments&post=11"}],"version-history":[{"count":5,"href":"http:\/\/fundacaomariomiguel.eu\/index.php?rest_route=\/wp\/v2\/pages\/11\/revisions"}],"predecessor-version":[{"id":754,"href":"http:\/\/fundacaomariomiguel.eu\/index.php?rest_route=\/wp\/v2\/pages\/11\/revisions\/754"}],"wp:attachment":[{"href":"http:\/\/fundacaomariomiguel.eu\/index.php?rest_route=%2Fwp%2Fv2%2Fmedia&parent=11"}],"curies":[{"name":"wp","href":"https:\/\/api.w.org\/{rel}","templated":true}]}}