{"id":614,"date":"2017-07-25T11:58:43","date_gmt":"2017-07-25T11:58:43","guid":{"rendered":"http:\/\/fundacaomariomiguel.eu\/?page_id=614"},"modified":"2025-07-06T22:07:37","modified_gmt":"2025-07-06T22:07:37","slug":"prestacao-de-contas","status":"publish","type":"page","link":"http:\/\/fundacaomariomiguel.eu\/?page_id=614","title":{"rendered":"Presta\u00e7\u00e3o de Contas"},"content":{"rendered":"\n<p><strong>Relat\u00f3rio de Contas de 202<\/strong>4<\/p>\n\n\n\n<ul class=\"wp-block-list\">\n<li><a href=\"http:\/\/fundacaomariomiguel.eu\/wp-content\/uploads\/2025\/05\/Demonstracao-Financeira-2024.pdf\" data-type=\"page\" data-id=\"747\" target=\"_blank\" rel=\"noreferrer noopener\">Demonstra\u00e7\u00f5es Financeiras &#8211; Exerc\u00edcio de 2024<\/a><\/li>\n<\/ul>\n\n\n\n<p><strong>Relat\u00f3rio de Contas de 2023<\/strong><\/p>\n\n\n\n<ul class=\"wp-block-list\">\n<li><a href=\"http:\/\/fundacaomariomiguel.eu\/wp-content\/uploads\/2025\/07\/Demonstracao-Financeira-2023-_30062025_110009-1.pdf\">Demonstra\u00e7\u00f5es Financeiras Exerc\u00edcio de 2023.pdf<\/a> <\/li>\n<\/ul>\n\n\n\n<p><strong>Relat\u00f3rio de Contas de 2022<\/strong><\/p>\n\n\n\n<ul class=\"wp-block-list\">\n<li><a href=\"http:\/\/fundacaomariomiguel.eu\/wp-content\/uploads\/2023\/06\/Demonstacao-Financeira-2022.pdf\" target=\"_blank\" rel=\"noreferrer noopener\">Demonstra\u00e7\u00f5es Financeiras &#8211; Exerc\u00edcio de 2022<\/a><\/li>\n\n\n\n<li><a rel=\"noreferrer noopener\" href=\"http:\/\/fundacaomariomiguel.eu\/wp-content\/uploads\/2023\/06\/Guia-de-Remessa-Prestacao-de-contas-2022-1.pdf\" target=\"_blank\">Guia de Remessa &#8211; Presta\u00e7\u00e3o de contas &#8211; 2022<\/a><\/li>\n<\/ul>\n\n\n\n<p><strong>Relat\u00f3rio de Contas de 2021<\/strong><\/p>\n\n\n\n<ul class=\"wp-block-list\">\n<li><a href=\"http:\/\/fundacaomariomiguel.eu\/wp-content\/uploads\/2023\/08\/Demonstra\u2021aes-Financeiras-Exerc\u00a1cio-de-2021_10082023_162007.pdf\" target=\"_blank\" rel=\"noreferrer noopener\">Demonstra\u00e7\u00f5es Financeiras &#8211; Exerc\u00edcio de 2021<\/a><\/li>\n<\/ul>\n\n\n\n<p><strong>Relat\u00f3rio de Contas de 2020<\/strong><\/p>\n\n\n\n<ul class=\"wp-block-list\">\n<li><a href=\"http:\/\/fundacaomariomiguel.eu\/wp-content\/uploads\/2021\/06\/Relatorio-e-Contas-2020.pdf\" data-type=\"URL\" data-id=\"http:\/\/fundacaomariomiguel.eu\/wp-content\/uploads\/2021\/06\/Relatorio-e-Contas-2020.pdf\">Relat\u00f3rio e Contas &#8211; Exerc\u00edcio de 2020<\/a><\/li>\n<\/ul>\n\n\n\n<ul class=\"wp-block-list\">\n<li><a href=\"http:\/\/fundacaomariomiguel.eu\/wp-content\/uploads\/2021\/06\/Despacho-de-aprovacao-de-fecho-de-contas-2020.pdf\">Despacho de Aprova\u00e7\u00e3o de Fecho de Contas &#8211; Exerc\u00edcio de 2020<\/a><\/li>\n<\/ul>\n\n\n\n<p><strong>Relat\u00f3rio de Contas de 2019<\/strong><\/p>\n\n\n\n<ul class=\"wp-block-list\">\n<li><a href=\"http:\/\/fundacaomariomiguel.eu\/wp-content\/uploads\/2020\/10\/Relatorio-e-Contas-Exercicio-de-2019.pdf\">Relat\u00f3rio e Contas &#8211; Exerc\u00edcio de 2019<\/a><\/li>\n<\/ul>\n\n\n\n<ul class=\"wp-block-list\">\n<li><a href=\"http:\/\/fundacaomariomiguel.eu\/wp-content\/uploads\/2020\/11\/Despacho-de-aprovacao-de-fecho-de-contas-2019.pdf\">Despacho de Aprova\u00e7\u00e3o de Fecho de Contas &#8211; Exerc\u00edcio de 2019<\/a><\/li>\n<\/ul>\n\n\n\n<p><strong>Relat\u00f3rio de Contas de 2018<\/strong><\/p>\n\n\n\n<ul class=\"wp-block-list\">\n<li><a rel=\"noreferrer noopener\" aria-label=\"Balan\u00e7o 2018 (abre num novo separador)\" href=\"http:\/\/fundacaomariomiguel.eu\/wp-content\/uploads\/2019\/05\/1-Balan\u00e7o-2018-1.pdf\" target=\"_blank\">Balan\u00e7o 2018<\/a><\/li>\n\n\n\n<li><a rel=\"noreferrer noopener\" aria-label=\"Demonstra\u00e7\u00e3o de Resultados por Naturezas (abre num novo separador)\" href=\"http:\/\/fundacaomariomiguel.eu\/wp-content\/uploads\/2019\/05\/2-Demonstra\u00e7\u00e3o-de-resultados-por-naturezas-2018-1.pdf\" target=\"_blank\">Demonstra\u00e7\u00e3o de Resultados por Naturezas<\/a><\/li>\n\n\n\n<li><a rel=\"noreferrer noopener\" aria-label=\"Demonstra\u00e7\u00e3o dos Fluxos de Caixa (abre num novo separador)\" href=\"http:\/\/fundacaomariomiguel.eu\/wp-content\/uploads\/2019\/05\/3-Demonstra\u00e7\u00e3o-dos-fluxos-de-caixa-2018-1.pdf\" target=\"_blank\">Demonstra\u00e7\u00e3o dos Fluxos de Caixa<\/a><\/li>\n\n\n\n<li><a rel=\"noreferrer noopener\" aria-label=\"Anexos (abre num novo separador)\" href=\"http:\/\/fundacaomariomiguel.eu\/wp-content\/uploads\/2019\/05\/4-Anexos-2018.pdf\" target=\"_blank\">Anexos<\/a><\/li>\n<\/ul>\n\n\n\n<p><\/p>\n","protected":false},"excerpt":{"rendered":"<p>Relat\u00f3rio de Contas de 2024 Relat\u00f3rio de Contas de 2023 Relat\u00f3rio de Contas de 2022 Relat\u00f3rio de Contas de 2021 Relat\u00f3rio de Contas de 2020 Relat\u00f3rio de Contas de 2019 Relat\u00f3rio de Contas de 2018<\/p>\n","protected":false},"author":4,"featured_media":0,"parent":0,"menu_order":0,"comment_status":"closed","ping_status":"closed","template":"","meta":{"footnotes":""},"class_list":["post-614","page","type-page","status-publish","hentry"],"_links":{"self":[{"href":"http:\/\/fundacaomariomiguel.eu\/index.php?rest_route=\/wp\/v2\/pages\/614","targetHints":{"allow":["GET"]}}],"collection":[{"href":"http:\/\/fundacaomariomiguel.eu\/index.php?rest_route=\/wp\/v2\/pages"}],"about":[{"href":"http:\/\/fundacaomariomiguel.eu\/index.php?rest_route=\/wp\/v2\/types\/page"}],"author":[{"embeddable":true,"href":"http:\/\/fundacaomariomiguel.eu\/index.php?rest_route=\/wp\/v2\/users\/4"}],"replies":[{"embeddable":true,"href":"http:\/\/fundacaomariomiguel.eu\/index.php?rest_route=%2Fwp%2Fv2%2Fcomments&post=614"}],"version-history":[{"count":40,"href":"http:\/\/fundacaomariomiguel.eu\/index.php?rest_route=\/wp\/v2\/pages\/614\/revisions"}],"predecessor-version":[{"id":760,"href":"http:\/\/fundacaomariomiguel.eu\/index.php?rest_route=\/wp\/v2\/pages\/614\/revisions\/760"}],"wp:attachment":[{"href":"http:\/\/fundacaomariomiguel.eu\/index.php?rest_route=%2Fwp%2Fv2%2Fmedia&parent=614"}],"curies":[{"name":"wp","href":"https:\/\/api.w.org\/{rel}","templated":true}]}}