{"id":7,"date":"2017-07-24T16:35:12","date_gmt":"2017-07-24T16:35:12","guid":{"rendered":"http:\/\/fundacaomariomiguel.eu\/?page_id=7"},"modified":"2017-07-25T12:00:29","modified_gmt":"2017-07-25T12:00:29","slug":"processo-de-admissao-do-utente","status":"publish","type":"page","link":"http:\/\/fundacaomariomiguel.eu\/?page_id=7","title":{"rendered":"Admiss\u00e3o do Utente"},"content":{"rendered":"<p><strong>PROCESSO DE ADMISS\u00c3O DO UTENTE:<\/strong><\/p>\n<p>O internamento nesta Institui\u00e7\u00e3o \u00e9 feito atrav\u00e9s da Seguran\u00e7a Social.<\/p>\n<p>&nbsp;<\/p>\n<p>No acto da admiss\u00e3o o utente deve fazer-se acompanhar pela seguinte documenta\u00e7\u00e3o:<\/p>\n<ul>\n<li>Bilhete de Identidade;<\/li>\n<li>Cart\u00e3o de contribuinte;<\/li>\n<li>Cart\u00e3o de benefici\u00e1rio \/ Cart\u00e3o de utente \/ Cart\u00e3o ADSE;<\/li>\n<li>Boletim de vacinas;<\/li>\n<li>Relat\u00f3rio \/ declara\u00e7\u00e3o do m\u00e9dico;<\/li>\n<\/ul>\n<p>&nbsp;<\/p>\n<p><strong>OBJECTOS DE USO PESSOAL:<\/strong><\/p>\n<p>No momento do internamento os objectos de uso pessoal (ex: roupas, cal\u00e7ado, etc.) dever\u00e3o ser entregues \u00e0 funcion\u00e1ria com a identifica\u00e7\u00e3o do utente.<\/p>\n<p>Se tiver medicamentos na sua posse, deve entreg\u00e1-los \u00e0 Enfermeira ou \u00e0s funcion\u00e1rias.<\/p>\n","protected":false},"excerpt":{"rendered":"<p>PROCESSO DE ADMISS\u00c3O DO UTENTE: O internamento nesta Institui\u00e7\u00e3o \u00e9 feito atrav\u00e9s da Seguran\u00e7a Social. &nbsp; No acto da admiss\u00e3o o utente deve fazer-se acompanhar pela seguinte documenta\u00e7\u00e3o: Bilhete de Identidade; Cart\u00e3o de contribuinte; Cart\u00e3o de benefici\u00e1rio \/ Cart\u00e3o de utente \/ Cart\u00e3o ADSE; Boletim de vacinas; Relat\u00f3rio \/ declara\u00e7\u00e3o do m\u00e9dico; &nbsp; OBJECTOS DE [&hellip;]<\/p>\n","protected":false},"author":1,"featured_media":0,"parent":0,"menu_order":0,"comment_status":"closed","ping_status":"closed","template":"","meta":{"footnotes":""},"class_list":["post-7","page","type-page","status-publish","hentry"],"_links":{"self":[{"href":"http:\/\/fundacaomariomiguel.eu\/index.php?rest_route=\/wp\/v2\/pages\/7","targetHints":{"allow":["GET"]}}],"collection":[{"href":"http:\/\/fundacaomariomiguel.eu\/index.php?rest_route=\/wp\/v2\/pages"}],"about":[{"href":"http:\/\/fundacaomariomiguel.eu\/index.php?rest_route=\/wp\/v2\/types\/page"}],"author":[{"embeddable":true,"href":"http:\/\/fundacaomariomiguel.eu\/index.php?rest_route=\/wp\/v2\/users\/1"}],"replies":[{"embeddable":true,"href":"http:\/\/fundacaomariomiguel.eu\/index.php?rest_route=%2Fwp%2Fv2%2Fcomments&post=7"}],"version-history":[{"count":4,"href":"http:\/\/fundacaomariomiguel.eu\/index.php?rest_route=\/wp\/v2\/pages\/7\/revisions"}],"predecessor-version":[{"id":617,"href":"http:\/\/fundacaomariomiguel.eu\/index.php?rest_route=\/wp\/v2\/pages\/7\/revisions\/617"}],"wp:attachment":[{"href":"http:\/\/fundacaomariomiguel.eu\/index.php?rest_route=%2Fwp%2Fv2%2Fmedia&parent=7"}],"curies":[{"name":"wp","href":"https:\/\/api.w.org\/{rel}","templated":true}]}}