{"id":9,"date":"2017-07-24T16:36:08","date_gmt":"2017-07-24T16:36:08","guid":{"rendered":"http:\/\/fundacaomariomiguel.eu\/?page_id=9"},"modified":"2017-07-25T11:44:30","modified_gmt":"2017-07-25T11:44:30","slug":"informacao-aos-visitantes","status":"publish","type":"page","link":"http:\/\/fundacaomariomiguel.eu\/?page_id=9","title":{"rendered":"Informa\u00e7\u00e3o aos Visitantes"},"content":{"rendered":"<p><strong>HOR\u00c1RIO DE VISITAS:<\/strong><\/p>\n<p><strong>\u00a0<\/strong><\/p>\n<p><strong>DE: <\/strong>Segunda a Domingo<\/p>\n<p><strong>DAS: <\/strong>14:00h \u00e0s 18:00h<\/p>\n<p>&nbsp;<\/p>\n<p>Os familiares e amigos s\u00e3o recebidos na sala de estar, <strong><u>s\u00f3 excepcionalmente poder\u00e3o ir aos quartos, quando os utentes se encontrem impossibilitados de se deslocar, com a devida autoriza\u00e7\u00e3o, fazendo-se acompanhar de uma funcion\u00e1ria.<\/u><\/strong><\/p>\n<p>&nbsp;<\/p>\n<p><strong>SA\u00cdDAS DOS UTENTES:<\/strong><\/p>\n<p>Os utentes poder\u00e3o sair da Institui\u00e7\u00e3o com os familiares e amigos sempre e quando seja devidamente informado aos funcion\u00e1rios e preenchido o termo de responsabilidade.<\/p>\n<table border=\"1\">\n<tbody>\n<tr>\n<td style=\"text-align: center;\" width=\"204\"><strong>Em todo o processo de internamento o apoio familiar \u00e9 necess\u00e1rio e indispens\u00e1vel, para uma r\u00e1pida adapta\u00e7\u00e3o e inser\u00e7\u00e3o do utente.<\/strong><\/td>\n<\/tr>\n<\/tbody>\n<\/table>\n<p>&nbsp;<\/p>\n","protected":false},"excerpt":{"rendered":"<p>HOR\u00c1RIO DE VISITAS: \u00a0 DE: Segunda a Domingo DAS: 14:00h \u00e0s 18:00h &nbsp; Os familiares e amigos s\u00e3o recebidos na sala de estar, s\u00f3 excepcionalmente poder\u00e3o ir aos quartos, quando os utentes se encontrem impossibilitados de se deslocar, com a devida autoriza\u00e7\u00e3o, fazendo-se acompanhar de uma funcion\u00e1ria. &nbsp; SA\u00cdDAS DOS UTENTES: Os utentes poder\u00e3o sair [&hellip;]<\/p>\n","protected":false},"author":1,"featured_media":0,"parent":0,"menu_order":0,"comment_status":"closed","ping_status":"closed","template":"","meta":{"footnotes":""},"class_list":["post-9","page","type-page","status-publish","hentry"],"_links":{"self":[{"href":"http:\/\/fundacaomariomiguel.eu\/index.php?rest_route=\/wp\/v2\/pages\/9","targetHints":{"allow":["GET"]}}],"collection":[{"href":"http:\/\/fundacaomariomiguel.eu\/index.php?rest_route=\/wp\/v2\/pages"}],"about":[{"href":"http:\/\/fundacaomariomiguel.eu\/index.php?rest_route=\/wp\/v2\/types\/page"}],"author":[{"embeddable":true,"href":"http:\/\/fundacaomariomiguel.eu\/index.php?rest_route=\/wp\/v2\/users\/1"}],"replies":[{"embeddable":true,"href":"http:\/\/fundacaomariomiguel.eu\/index.php?rest_route=%2Fwp%2Fv2%2Fcomments&post=9"}],"version-history":[{"count":3,"href":"http:\/\/fundacaomariomiguel.eu\/index.php?rest_route=\/wp\/v2\/pages\/9\/revisions"}],"predecessor-version":[{"id":610,"href":"http:\/\/fundacaomariomiguel.eu\/index.php?rest_route=\/wp\/v2\/pages\/9\/revisions\/610"}],"wp:attachment":[{"href":"http:\/\/fundacaomariomiguel.eu\/index.php?rest_route=%2Fwp%2Fv2%2Fmedia&parent=9"}],"curies":[{"name":"wp","href":"https:\/\/api.w.org\/{rel}","templated":true}]}}